{"id":115,"date":"2024-07-15T11:13:00","date_gmt":"2024-07-15T10:13:00","guid":{"rendered":"https:\/\/wellenlnge.pixeltypen.de\/?page_id=115"},"modified":"2024-07-30T12:45:37","modified_gmt":"2024-07-30T11:45:37","slug":"faq","status":"publish","type":"page","link":"https:\/\/wellenlaenge7.de\/en\/faq\/","title":{"rendered":"Faq"},"content":{"rendered":"<div data-elementor-type=\"wp-page\" data-elementor-id=\"115\" class=\"elementor elementor-115\" data-elementor-post-type=\"page\">\n\t\t\t\t<div class=\"elementor-element elementor-element-42d42c14 pt_dsb pt_first_section e-flex e-con-boxed e-con e-parent\" data-id=\"42d42c14\" data-element_type=\"container\" data-e-type=\"container\" data-settings=\"{&quot;background_background&quot;:&quot;classic&quot;}\">\n\t\t\t\t\t<div class=\"e-con-inner\">\n\t\t\t\t<div class=\"elementor-element elementor-element-3c28bd81 elementor-widget elementor-widget-heading\" data-id=\"3c28bd81\" data-element_type=\"widget\" data-e-type=\"widget\" data-widget_type=\"heading.default\">\n\t\t\t\t<div class=\"elementor-widget-container\">\n\t\t\t\t\t<h2 class=\"elementor-heading-title elementor-size-default\">FAQ<\/h2>\t\t\t\t<\/div>\n\t\t\t\t<\/div>\n\t\t\t\t<div class=\"elementor-element elementor-element-2aebda8a elementor-widget__width-initial elementor-widget elementor-widget-text-editor\" data-id=\"2aebda8a\" data-element_type=\"widget\" data-e-type=\"widget\" data-widget_type=\"text-editor.default\">\n\t\t\t\t<div class=\"elementor-widget-container\">\n\t\t\t\t\t\t\t\t\t<p>Welcome to the FAQ section! Energy, aura, electromagnetic fields and frequencies, how people and objects act as antennas, perception and protection from harmful influences... These are all topics that affect us all constantly, but are not often discussed in everyday life. That is why there is work to be done here to raise awareness. Here you will find answers to the most frequently asked questions. Find the information you are looking for quickly and easily.<\/p>\t\t\t\t\t\t\t\t<\/div>\n\t\t\t\t<\/div>\n\t\t<div class=\"elementor-element elementor-element-233eb203 e-flex e-con-boxed e-con e-child\" data-id=\"233eb203\" data-element_type=\"container\" data-e-type=\"container\">\n\t\t\t\t\t<div class=\"e-con-inner\">\n\t\t<div class=\"elementor-element elementor-element-151c882a e-con-full e-flex e-con e-child\" data-id=\"151c882a\" data-element_type=\"container\" data-e-type=\"container\" data-settings=\"{&quot;background_background&quot;:&quot;classic&quot;}\">\n\t\t\t\t<\/div>\n\t\t\t\t\t<\/div>\n\t\t\t\t<\/div>\n\t\t\t\t\t<\/div>\n\t\t\t\t<\/div>\n\t\t<div class=\"elementor-element elementor-element-93a552f pt_dst pt_last_section e-flex e-con-boxed e-con e-parent\" data-id=\"93a552f\" data-element_type=\"container\" data-e-type=\"container\" data-settings=\"{&quot;background_background&quot;:&quot;classic&quot;}\">\n\t\t\t\t\t<div class=\"e-con-inner\">\n\t\t\t\t<div class=\"elementor-element elementor-element-444720a elementor-widget elementor-widget-heading\" data-id=\"444720a\" data-element_type=\"widget\" data-e-type=\"widget\" data-widget_type=\"heading.default\">\n\t\t\t\t<div class=\"elementor-widget-container\">\n\t\t\t\t\t<h2 class=\"elementor-heading-title elementor-size-default\">Faq<\/h2>\t\t\t\t<\/div>\n\t\t\t\t<\/div>\n\t\t\t\t<div class=\"elementor-element elementor-element-e9090a7 pt_accordion pt_pink elementor-widget elementor-widget-n-accordion\" data-id=\"e9090a7\" data-element_type=\"widget\" data-e-type=\"widget\" data-settings=\"{&quot;default_state&quot;:&quot;expanded&quot;,&quot;max_items_expended&quot;:&quot;one&quot;,&quot;n_accordion_animation_duration&quot;:{&quot;unit&quot;:&quot;ms&quot;,&quot;size&quot;:400,&quot;sizes&quot;:[]}}\" data-widget_type=\"nested-accordion.default\">\n\t\t\t\t<div class=\"elementor-widget-container\">\n\t\t\t\t\t\t\t<div class=\"e-n-accordion\" aria-label=\"Accordion. Open links with Enter or Space, close with Escape, and navigate with Arrow Keys\">\n\t\t\t\t\t\t<details id=\"e-n-accordion-item-2440\" class=\"e-n-accordion-item\" open>\n\t\t\t\t<summary class=\"e-n-accordion-item-title\" data-accordion-index=\"1\" tabindex=\"0\" aria-expanded=\"true\" aria-controls=\"e-n-accordion-item-2440\" >\n\t\t\t\t\t<span class='e-n-accordion-item-title-header'><h4 class=\"e-n-accordion-item-title-text\"> What are energetic ways of perceiving? <\/h4><\/span>\n\t\t\t\t\t\t\t<span class='e-n-accordion-item-title-icon'>\n\t\t\t<span class='e-opened' ><svg xmlns=\"http:\/\/www.w3.org\/2000\/svg\" width=\"34\" height=\"25\" viewbox=\"0 0 34 25\" fill=\"none\"><g clip-path=\"url(#clip0_89_10)\"><path d=\"M7.06336 -1.17743e-06L26.9363 -3.08753e-07C33.217 -3.42133e-08 36.3615 7.89709 31.9209 12.516L21.9845 22.8515C19.2314 25.7151 14.7683 25.7151 12.0162 22.8515L2.07975 12.516C-2.36185 7.89709 0.782619 -1.45197e-06 7.06336 -1.17743e-06Z\" fill=\"#DC5F90\"><\/path><\/g><defs><clippath id=\"clip0_89_10\"><rect width=\"25\" height=\"34\" fill=\"white\" transform=\"translate(34) rotate(90)\"><\/rect><\/clippath><\/defs><\/svg><\/span>\n\t\t\t<span class='e-closed'><svg xmlns=\"http:\/\/www.w3.org\/2000\/svg\" width=\"34\" height=\"25\" viewbox=\"0 0 34 25\" fill=\"none\"><g clip-path=\"url(#clip0_89_10)\"><path d=\"M7.06336 -1.17743e-06L26.9363 -3.08753e-07C33.217 -3.42133e-08 36.3615 7.89709 31.9209 12.516L21.9845 22.8515C19.2314 25.7151 14.7683 25.7151 12.0162 22.8515L2.07975 12.516C-2.36185 7.89709 0.782619 -1.45197e-06 7.06336 -1.17743e-06Z\" fill=\"#DC5F90\"><\/path><\/g><defs><clippath id=\"clip0_89_10\"><rect width=\"25\" height=\"34\" fill=\"white\" transform=\"translate(34) rotate(90)\"><\/rect><\/clippath><\/defs><\/svg><\/span>\n\t\t<\/span>\n\n\t\t\t\t\t\t<\/summary>\n\t\t\t\t<div role=\"region\" aria-labelledby=\"e-n-accordion-item-2440\" class=\"elementor-element elementor-element-be11da2 e-con-full e-flex e-con e-child\" data-id=\"be11da2\" data-element_type=\"container\" data-e-type=\"container\">\n\t\t<div role=\"region\" aria-labelledby=\"e-n-accordion-item-2440\" class=\"elementor-element elementor-element-cde2cb3 e-flex e-con-boxed e-con e-child\" data-id=\"cde2cb3\" data-element_type=\"container\" data-e-type=\"container\">\n\t\t\t\t\t<div class=\"e-con-inner\">\n\t\t\t\t<div class=\"elementor-element elementor-element-c848917 elementor-widget elementor-widget-text-editor\" data-id=\"c848917\" data-element_type=\"widget\" data-e-type=\"widget\" data-widget_type=\"text-editor.default\">\n\t\t\t\t<div class=\"elementor-widget-container\">\n\t\t\t\t\t\t\t\t\t<p>All traditional high and tribal cultures worldwide tend to live according to a holistic \/ integral view of the world and people with several dimensions. The individual dimensions work in all people - constantly, simultaneously, interpenetrated, \"congruent\" in a healthy state.<\/p><p>These dimensions are called: Spirit \/ Spiritual - Information - Energy \/ Aura - Soul \/ Feeling - Mind - Body \/ Body.<br \/>People have separate senses for these levels, with which they perceive the individual dimensions in a finely differentiated way.<br \/>Some people have developed this ability strongly from birth. For many people, some abilities have been suppressed and atrophied through upbringing, school and studies. However, all people can relearn these perceptions individually and in combination.<\/p><p>This website focusses on the dimensions of information and energy \/ aura \/ electro-magnetic fields \/ vibrations \/ frequencies \/ radiation ... All people, even living beings and stones as well as technical products and buildings exist and always act as antennas that transmit and receive similar to a radio.<\/p><p>In addition to our own subjective experiences, more and more of these frequencies can also be perceived physically with antenna measuring devices. Humans are still the most sensitive antenna and are therefore extremely susceptible to interference from newly developed technical transmitting devices (mobile phones, WLAN, radar, etc.) and must protect themselves against this. The world can only be experienced and explained in terms of its physical vibration and energy structure.<\/p>\t\t\t\t\t\t\t\t<\/div>\n\t\t\t\t<\/div>\n\t\t\t\t\t<\/div>\n\t\t\t\t<\/div>\n\t\t\t\t<\/div>\n\t\t\t\t\t<\/details>\n\t\t\t\t\t\t<details id=\"e-n-accordion-item-2441\" class=\"e-n-accordion-item\" >\n\t\t\t\t<summary class=\"e-n-accordion-item-title\" data-accordion-index=\"2\" tabindex=\"-1\" aria-expanded=\"false\" aria-controls=\"e-n-accordion-item-2441\" >\n\t\t\t\t\t<span class='e-n-accordion-item-title-header'><h4 class=\"e-n-accordion-item-title-text\"> What is physical radiesthesia? <\/h4><\/span>\n\t\t\t\t\t\t\t<span class='e-n-accordion-item-title-icon'>\n\t\t\t<span class='e-opened' ><svg xmlns=\"http:\/\/www.w3.org\/2000\/svg\" width=\"34\" height=\"25\" viewbox=\"0 0 34 25\" fill=\"none\"><g clip-path=\"url(#clip0_89_10)\"><path d=\"M7.06336 -1.17743e-06L26.9363 -3.08753e-07C33.217 -3.42133e-08 36.3615 7.89709 31.9209 12.516L21.9845 22.8515C19.2314 25.7151 14.7683 25.7151 12.0162 22.8515L2.07975 12.516C-2.36185 7.89709 0.782619 -1.45197e-06 7.06336 -1.17743e-06Z\" fill=\"#DC5F90\"><\/path><\/g><defs><clippath id=\"clip0_89_10\"><rect width=\"25\" height=\"34\" fill=\"white\" transform=\"translate(34) rotate(90)\"><\/rect><\/clippath><\/defs><\/svg><\/span>\n\t\t\t<span class='e-closed'><svg xmlns=\"http:\/\/www.w3.org\/2000\/svg\" width=\"34\" height=\"25\" viewbox=\"0 0 34 25\" fill=\"none\"><g clip-path=\"url(#clip0_89_10)\"><path d=\"M7.06336 -1.17743e-06L26.9363 -3.08753e-07C33.217 -3.42133e-08 36.3615 7.89709 31.9209 12.516L21.9845 22.8515C19.2314 25.7151 14.7683 25.7151 12.0162 22.8515L2.07975 12.516C-2.36185 7.89709 0.782619 -1.45197e-06 7.06336 -1.17743e-06Z\" fill=\"#DC5F90\"><\/path><\/g><defs><clippath id=\"clip0_89_10\"><rect width=\"25\" height=\"34\" fill=\"white\" transform=\"translate(34) rotate(90)\"><\/rect><\/clippath><\/defs><\/svg><\/span>\n\t\t<\/span>\n\n\t\t\t\t\t\t<\/summary>\n\t\t\t\t<div role=\"region\" aria-labelledby=\"e-n-accordion-item-2441\" class=\"elementor-element elementor-element-46752a8 e-con-full e-flex e-con e-child\" data-id=\"46752a8\" data-element_type=\"container\" data-e-type=\"container\">\n\t\t<div role=\"region\" aria-labelledby=\"e-n-accordion-item-2441\" class=\"elementor-element elementor-element-6aaeadc e-flex e-con-boxed e-con e-child\" data-id=\"6aaeadc\" data-element_type=\"container\" data-e-type=\"container\">\n\t\t\t\t\t<div class=\"e-con-inner\">\n\t\t\t\t<div class=\"elementor-element elementor-element-d99da9e elementor-widget elementor-widget-text-editor\" data-id=\"d99da9e\" data-element_type=\"widget\" data-e-type=\"widget\" data-widget_type=\"text-editor.default\">\n\t\t\t\t<div class=\"elementor-widget-container\">\n\t\t\t\t\t\t\t\t\t<p>Radiesthesia (also radioaesthesia; from the Latin radius 'ray' 'sensory perception') is an empirical science with its own methods and theories. The process of perception is referred to as \"muten\" or \"mutung\".<\/p><p>Radiesthesic methods can be applied to absolutely all phenomena and dimensions of life and are therefore very effective.<\/p><p>Physical radiesthesia investigates all phenomena with scaled and thus harmonisable and comparable technical aids such as dowsing rods and pendulums, which only serve as \"indicators\" for the highly sensitive \"human measuring instrument\".<\/p><p>One of the co-founders of physical radiesthesia is Reinhard Schneider, who developed the Lecher antenna\u00a9 based on the Lecher line. People have been using dowsing rods, pendulums and pointing \/ vibrating rods in many shapes and made of many materials, often in combination, since time immemorial. <br \/>The results of this web page are based on the measurement results with different forms of the Lecher-Antenna\u00a9 according to Reinhard Schneider and can be measured by anyone interested.<br \/>Mental \/ odic \/ psychic radiesthesia investigates all phenomena without technical aids, using only the innate biological inner and outer senses, e.g. the body's sense of warmth, tingling in the hands, clairvoyance, clairsentience.<br \/>Specialised areas of radiesthesia are, for example: Geo-Mantie, Feng Shui. <br \/>There are flowing transitions to kinesiology, to energetic healing methods with hands, etc.<\/p>\t\t\t\t\t\t\t\t<\/div>\n\t\t\t\t<\/div>\n\t\t\t\t\t<\/div>\n\t\t\t\t<\/div>\n\t\t\t\t<\/div>\n\t\t\t\t\t<\/details>\n\t\t\t\t\t\t<details id=\"e-n-accordion-item-2442\" class=\"e-n-accordion-item\" >\n\t\t\t\t<summary class=\"e-n-accordion-item-title\" data-accordion-index=\"3\" tabindex=\"-1\" aria-expanded=\"false\" aria-controls=\"e-n-accordion-item-2442\" >\n\t\t\t\t\t<span class='e-n-accordion-item-title-header'><h4 class=\"e-n-accordion-item-title-text\"> What is geomancy?  <\/h4><\/span>\n\t\t\t\t\t\t\t<span class='e-n-accordion-item-title-icon'>\n\t\t\t<span class='e-opened' ><svg xmlns=\"http:\/\/www.w3.org\/2000\/svg\" width=\"34\" height=\"25\" viewbox=\"0 0 34 25\" fill=\"none\"><g clip-path=\"url(#clip0_89_10)\"><path d=\"M7.06336 -1.17743e-06L26.9363 -3.08753e-07C33.217 -3.42133e-08 36.3615 7.89709 31.9209 12.516L21.9845 22.8515C19.2314 25.7151 14.7683 25.7151 12.0162 22.8515L2.07975 12.516C-2.36185 7.89709 0.782619 -1.45197e-06 7.06336 -1.17743e-06Z\" fill=\"#DC5F90\"><\/path><\/g><defs><clippath id=\"clip0_89_10\"><rect width=\"25\" height=\"34\" fill=\"white\" transform=\"translate(34) rotate(90)\"><\/rect><\/clippath><\/defs><\/svg><\/span>\n\t\t\t<span class='e-closed'><svg xmlns=\"http:\/\/www.w3.org\/2000\/svg\" width=\"34\" height=\"25\" viewbox=\"0 0 34 25\" fill=\"none\"><g clip-path=\"url(#clip0_89_10)\"><path d=\"M7.06336 -1.17743e-06L26.9363 -3.08753e-07C33.217 -3.42133e-08 36.3615 7.89709 31.9209 12.516L21.9845 22.8515C19.2314 25.7151 14.7683 25.7151 12.0162 22.8515L2.07975 12.516C-2.36185 7.89709 0.782619 -1.45197e-06 7.06336 -1.17743e-06Z\" fill=\"#DC5F90\"><\/path><\/g><defs><clippath id=\"clip0_89_10\"><rect width=\"25\" height=\"34\" fill=\"white\" transform=\"translate(34) rotate(90)\"><\/rect><\/clippath><\/defs><\/svg><\/span>\n\t\t<\/span>\n\n\t\t\t\t\t\t<\/summary>\n\t\t\t\t<div role=\"region\" aria-labelledby=\"e-n-accordion-item-2442\" class=\"elementor-element elementor-element-9538624 e-con-full e-flex e-con e-child\" data-id=\"9538624\" data-element_type=\"container\" data-e-type=\"container\">\n\t\t<div role=\"region\" aria-labelledby=\"e-n-accordion-item-2442\" class=\"elementor-element elementor-element-2d2b12c e-flex e-con-boxed e-con e-child\" data-id=\"2d2b12c\" data-element_type=\"container\" data-e-type=\"container\">\n\t\t\t\t\t<div class=\"e-con-inner\">\n\t\t\t\t<div class=\"elementor-element elementor-element-010c2d7 elementor-widget elementor-widget-text-editor\" data-id=\"010c2d7\" data-element_type=\"widget\" data-e-type=\"widget\" data-widget_type=\"text-editor.default\">\n\t\t\t\t<div class=\"elementor-widget-container\">\n\t\t\t\t\t\t\t\t\t<p class=\"p1\">\"Geo-mantia or geo-mantics (Latin geomantia, from ancient Greek \u03b3\u1fc6 \u0261\u025b\u02d0, German 'Erde<span class=\"s1\">' <\/span>and \u03bc\u03b1\u03bd\u03c4\u03b5\u03af\u03b1 mante\u00eda, German 'prophecy<span class=\"s1\">'<\/span>together: \"Prophecy from the earth\")<\/p><p class=\"p1\">On this website, geomancy refers to methods and revitalised, ancient and expanded experiential knowledge. This arises through coming into contact (resonating) with the earth, nature and landscape, the conscious perception of the surrounding energies and also includes targeted action as well as changing the local energies in their quantity, quality and intensity, e.g.: by setting stones \/ litho-puncture copyright or applying symbols (symbol antennas) as petroglyphs (stone carvings).<\/p><p class=\"p1\">Geomancy involves conscious and intuitive communication with the place and the energies (qualities) in that place. Depending on their constitution, people enter into resonance, feel into themselves and scrutinise what is triggered by this contact.<\/p><p class=\"p1\">People are part of the system and communicate with this system - every tree, every plant, every stone, the ground underfoot ... all of this has its own vibration, radiance, quality and intensity. The sum of all qualities is called the genius loci - the spirit of the place.<\/p><p class=\"p1\">Another possibility is to \"immerse\" yourself in a \"place\" - a tree, a rock, an old cult site etc.. This is always preceded by a silent request for \"admission<span class=\"s1\">\"<\/span> as a respectful approach to an inspiring place. Those who pay attention are rewarded with a welcome. Possible sensing directions: What do I feel and how? What does it taste and smell like here? Where am I drawn to? Do images, sounds, memories or emotions emerge?<\/p><p class=\"p1\">Geomancy involves reflecting on and empathising with existence as a whole. People are gifted with interpreted information by deciphering and calculating the language of the earth through their own signs. This can be described as divination, as a form of \"wise saying<span class=\"s1\">\"<\/span>that is true for those who experience it and express it in their language.<\/p>\t\t\t\t\t\t\t\t<\/div>\n\t\t\t\t<\/div>\n\t\t\t\t\t<\/div>\n\t\t\t\t<\/div>\n\t\t\t\t<\/div>\n\t\t\t\t\t<\/details>\n\t\t\t\t\t\t<details id=\"e-n-accordion-item-2443\" class=\"e-n-accordion-item\" >\n\t\t\t\t<summary class=\"e-n-accordion-item-title\" data-accordion-index=\"4\" tabindex=\"-1\" aria-expanded=\"false\" aria-controls=\"e-n-accordion-item-2443\" >\n\t\t\t\t\t<span class='e-n-accordion-item-title-header'><h4 class=\"e-n-accordion-item-title-text\"> What is kinesiology? <\/h4><\/span>\n\t\t\t\t\t\t\t<span class='e-n-accordion-item-title-icon'>\n\t\t\t<span class='e-opened' ><svg xmlns=\"http:\/\/www.w3.org\/2000\/svg\" width=\"34\" height=\"25\" viewbox=\"0 0 34 25\" fill=\"none\"><g clip-path=\"url(#clip0_89_10)\"><path d=\"M7.06336 -1.17743e-06L26.9363 -3.08753e-07C33.217 -3.42133e-08 36.3615 7.89709 31.9209 12.516L21.9845 22.8515C19.2314 25.7151 14.7683 25.7151 12.0162 22.8515L2.07975 12.516C-2.36185 7.89709 0.782619 -1.45197e-06 7.06336 -1.17743e-06Z\" fill=\"#DC5F90\"><\/path><\/g><defs><clippath id=\"clip0_89_10\"><rect width=\"25\" height=\"34\" fill=\"white\" transform=\"translate(34) rotate(90)\"><\/rect><\/clippath><\/defs><\/svg><\/span>\n\t\t\t<span class='e-closed'><svg xmlns=\"http:\/\/www.w3.org\/2000\/svg\" width=\"34\" height=\"25\" viewbox=\"0 0 34 25\" fill=\"none\"><g clip-path=\"url(#clip0_89_10)\"><path d=\"M7.06336 -1.17743e-06L26.9363 -3.08753e-07C33.217 -3.42133e-08 36.3615 7.89709 31.9209 12.516L21.9845 22.8515C19.2314 25.7151 14.7683 25.7151 12.0162 22.8515L2.07975 12.516C-2.36185 7.89709 0.782619 -1.45197e-06 7.06336 -1.17743e-06Z\" fill=\"#DC5F90\"><\/path><\/g><defs><clippath id=\"clip0_89_10\"><rect width=\"25\" height=\"34\" fill=\"white\" transform=\"translate(34) rotate(90)\"><\/rect><\/clippath><\/defs><\/svg><\/span>\n\t\t<\/span>\n\n\t\t\t\t\t\t<\/summary>\n\t\t\t\t<div role=\"region\" aria-labelledby=\"e-n-accordion-item-2443\" class=\"elementor-element elementor-element-02113a5 e-flex e-con-boxed e-con e-child\" data-id=\"02113a5\" data-element_type=\"container\" data-e-type=\"container\">\n\t\t\t\t\t<div class=\"e-con-inner\">\n\t\t<div role=\"region\" aria-labelledby=\"e-n-accordion-item-2443\" class=\"elementor-element elementor-element-fdea8bf e-con-full e-flex e-con e-child\" data-id=\"fdea8bf\" data-element_type=\"container\" data-e-type=\"container\">\n\t\t\t\t<div class=\"elementor-element elementor-element-43ee897 elementor-widget elementor-widget-text-editor\" data-id=\"43ee897\" data-element_type=\"widget\" data-e-type=\"widget\" data-widget_type=\"text-editor.default\">\n\t\t\t\t<div class=\"elementor-widget-container\">\n\t\t\t\t\t\t\t\t\t<p class=\"p3\"><span class=\"s1\">The term \"<\/span>Kinesiology\" means \"the study of movement\" (Greek kinesis = movement, logos = teaching). Kinesiology was developed from 1960 onwards by the American chiropractor George Goodheart (1918-2008). As a holistic method, it takes into account body, mind and soul and combines elements from traditional Chinese medicine and chiropractic. Kinesiological diagnosis and therapy is dedicated to the optimal flow of life energy (chi, prana, orgone, etc.) throughout the body. If this natural flow is permanently disrupted, illnesses develop.<\/p><p class=\"p3\">Anything that disturbs the body weakens it. Such a weakening is reflected in the reaction of specifically tensed muscles (e.g. the deltoid muscle of the arm) to a stimulus.<br \/>Like a seismograph, the muscle maps mental, emotional and physical processes: It reacts weakly and can no longer be controlled voluntarily, for example, when the person:<\/p><ul class=\"ul1\"><li class=\"li5\"><span class=\"s3\">touches an area of the body that is restricted or diseased <\/span><\/li><li class=\"li5\"><span class=\"s3\">comes into contact with an unfavourable substance (e.g. food, medication, environmental toxin) <\/span><\/li><li class=\"li5\"><span class=\"s3\">is mentally confronted with a topic that stresses him or her on a conscious or unconscious level (e.g. beliefs). <\/span><\/li><\/ul><p class=\"p3\">With this muscle test or measuring antenna test, which can use various muscles of the arms, legs, hands or the position of the person in space, all material, energetic, spiritual, mental influencing factors (sleeping place, fellow human beings, electro-smog, geomantic phenomena, etc.) can be tested for individual compatibility.<\/p>\t\t\t\t\t\t\t\t<\/div>\n\t\t\t\t<\/div>\n\t\t\t\t<\/div>\n\t\t\t\t\t<\/div>\n\t\t\t\t<\/div>\n\t\t\t\t\t<\/details>\n\t\t\t\t\t<\/div>\n\t\t\t\t\t\t<\/div>\n\t\t\t\t<\/div>\n\t\t\t\t\t<\/div>\n\t\t\t\t<\/div>\n\t\t\t\t<\/div>","protected":false},"excerpt":{"rendered":"<p>FAQ Willkommen im FAQ-Bereich! Energie, Aura, elektromagnetische Felder und Frequenzen, wie Menschen und Gegenst\u00e4nde als Antennen agieren, Wahrnehmung und Schutz vor sch\u00e4dlichen Einfl\u00fcssen&#8230; All das sind Themen, die uns alle konstant betreffen, aber nicht h\u00e4ufig im Alltag thematisiert werden. Deshalb gibt es hier Aufkl\u00e4rungsarbeit zu leisten. Hier finden Sie Antworten auf die h\u00e4ufigsten Fragen. Finden [&hellip;]<\/p>\n","protected":false},"author":2,"featured_media":0,"parent":0,"menu_order":0,"comment_status":"closed","ping_status":"closed","template":"elementor_header_footer","meta":{"_acf_changed":false,"ocean_post_layout":"","ocean_both_sidebars_style":"","ocean_both_sidebars_content_width":0,"ocean_both_sidebars_sidebars_width":0,"ocean_sidebar":"0","ocean_second_sidebar":"0","ocean_disable_margins":"enable","ocean_add_body_class":"","ocean_shortcode_before_top_bar":"","ocean_shortcode_after_top_bar":"","ocean_shortcode_before_header":"","ocean_shortcode_after_header":"","ocean_has_shortcode":"","ocean_shortcode_after_title":"","ocean_shortcode_before_footer_widgets":"","ocean_shortcode_after_footer_widgets":"","ocean_shortcode_before_footer_bottom":"","ocean_shortcode_after_footer_bottom":"","ocean_display_top_bar":"default","ocean_display_header":"default","ocean_header_style":"","ocean_center_header_left_menu":"0","ocean_custom_header_template":"0","ocean_custom_logo":0,"ocean_custom_retina_logo":0,"ocean_custom_logo_max_width":0,"ocean_custom_logo_tablet_max_width":0,"ocean_custom_logo_mobile_max_width":0,"ocean_custom_logo_max_height":0,"ocean_custom_logo_tablet_max_height":0,"ocean_custom_logo_mobile_max_height":0,"ocean_header_custom_menu":"0","ocean_menu_typo_font_family":"0","ocean_menu_typo_font_subset":"","ocean_menu_typo_font_size":0,"ocean_menu_typo_font_size_tablet":0,"ocean_menu_typo_font_size_mobile":0,"ocean_menu_typo_font_size_unit":"px","ocean_menu_typo_font_weight":"","ocean_menu_typo_font_weight_tablet":"","ocean_menu_typo_font_weight_mobile":"","ocean_menu_typo_transform":"","ocean_menu_typo_transform_tablet":"","ocean_menu_typo_transform_mobile":"","ocean_menu_typo_line_height":0,"ocean_menu_typo_line_height_tablet":0,"ocean_menu_typo_line_height_mobile":0,"ocean_menu_typo_line_height_unit":"","ocean_menu_typo_spacing":0,"ocean_menu_typo_spacing_tablet":0,"ocean_menu_typo_spacing_mobile":0,"ocean_menu_typo_spacing_unit":"","ocean_menu_link_color":"","ocean_menu_link_color_hover":"","ocean_menu_link_color_active":"","ocean_menu_link_background":"","ocean_menu_link_hover_background":"","ocean_menu_link_active_background":"","ocean_menu_social_links_bg":"","ocean_menu_social_hover_links_bg":"","ocean_menu_social_links_color":"","ocean_menu_social_hover_links_color":"","ocean_disable_title":"default","ocean_disable_heading":"default","ocean_post_title":"","ocean_post_subheading":"","ocean_post_title_style":"","ocean_post_title_background_color":"","ocean_post_title_background":0,"ocean_post_title_bg_image_position":"","ocean_post_title_bg_image_attachment":"","ocean_post_title_bg_image_repeat":"","ocean_post_title_bg_image_size":"","ocean_post_title_height":0,"ocean_post_title_bg_overlay":0.5,"ocean_post_title_bg_overlay_color":"","ocean_disable_breadcrumbs":"default","ocean_breadcrumbs_color":"","ocean_breadcrumbs_separator_color":"","ocean_breadcrumbs_links_color":"","ocean_breadcrumbs_links_hover_color":"","ocean_display_footer_widgets":"default","ocean_display_footer_bottom":"default","ocean_custom_footer_template":"0","footnotes":""},"class_list":["post-115","page","type-page","status-publish","hentry","entry","owp-thumbs-layout-horizontal","owp-btn-big","owp-tabs-layout-horizontal","has-no-thumbnails","has-product-nav"],"acf":[],"_links":{"self":[{"href":"https:\/\/wellenlaenge7.de\/en\/wp-json\/wp\/v2\/pages\/115","targetHints":{"allow":["GET"]}}],"collection":[{"href":"https:\/\/wellenlaenge7.de\/en\/wp-json\/wp\/v2\/pages"}],"about":[{"href":"https:\/\/wellenlaenge7.de\/en\/wp-json\/wp\/v2\/types\/page"}],"author":[{"embeddable":true,"href":"https:\/\/wellenlaenge7.de\/en\/wp-json\/wp\/v2\/users\/2"}],"replies":[{"embeddable":true,"href":"https:\/\/wellenlaenge7.de\/en\/wp-json\/wp\/v2\/comments?post=115"}],"version-history":[{"count":28,"href":"https:\/\/wellenlaenge7.de\/en\/wp-json\/wp\/v2\/pages\/115\/revisions"}],"predecessor-version":[{"id":1250,"href":"https:\/\/wellenlaenge7.de\/en\/wp-json\/wp\/v2\/pages\/115\/revisions\/1250"}],"wp:attachment":[{"href":"https:\/\/wellenlaenge7.de\/en\/wp-json\/wp\/v2\/media?parent=115"}],"curies":[{"name":"wp","href":"https:\/\/api.w.org\/{rel}","templated":true}]}}