{"id":383,"date":"2024-07-15T15:43:05","date_gmt":"2024-07-15T14:43:05","guid":{"rendered":"https:\/\/wellenlnge.pixeltypen.de\/?page_id=383"},"modified":"2024-07-30T15:54:14","modified_gmt":"2024-07-30T14:54:14","slug":"individuelle-beratung","status":"publish","type":"page","link":"https:\/\/wellenlaenge7.de\/en\/individuelle-beratung\/","title":{"rendered":"Personalised advice"},"content":{"rendered":"<div data-elementor-type=\"wp-page\" data-elementor-id=\"383\" class=\"elementor elementor-383\" data-elementor-post-type=\"page\">\n\t\t\t\t<div class=\"elementor-element elementor-element-62fe61ca pt_dsb pt_first_section e-flex e-con-boxed e-con e-parent\" data-id=\"62fe61ca\" data-element_type=\"container\" data-e-type=\"container\" data-settings=\"{&quot;background_background&quot;:&quot;classic&quot;}\">\n\t\t\t\t\t<div class=\"e-con-inner\">\n\t\t\t\t<div class=\"elementor-element elementor-element-5d156662 elementor-widget elementor-widget-heading\" data-id=\"5d156662\" data-element_type=\"widget\" data-e-type=\"widget\" data-widget_type=\"heading.default\">\n\t\t\t\t<div class=\"elementor-widget-container\">\n\t\t\t\t\t<h2 class=\"elementor-heading-title elementor-size-default\">Customised<br>Counselling<\/h2>\t\t\t\t<\/div>\n\t\t\t\t<\/div>\n\t\t\t\t<div class=\"elementor-element elementor-element-1c037791 elementor-widget__width-initial elementor-widget elementor-widget-text-editor\" data-id=\"1c037791\" data-element_type=\"widget\" data-e-type=\"widget\" data-widget_type=\"text-editor.default\">\n\t\t\t\t<div class=\"elementor-widget-container\">\n\t\t\t\t\t\t\t\t\t<p>Our individual, personalised advice offers you tailor-made solutions. With many years of experience and a deep understanding of your specific needs, we address each individual problem. We help you to identify energetic interference fields and harmonise your environment in the best possible way. Whether we are developing innovative products, improving the energy of your living space or revitalising your property, we are here to help and advise you every step of the way. Discover how our expertise can sustainably improve your quality of life.<\/p>\t\t\t\t\t\t\t\t<\/div>\n\t\t\t\t<\/div>\n\t\t<div class=\"elementor-element elementor-element-6e511b97 e-con-full e-grid e-con e-child\" data-id=\"6e511b97\" data-element_type=\"container\" data-e-type=\"container\">\n\t\t<div class=\"elementor-element elementor-element-1a789559 e-con-full pt_br e-flex e-con e-child\" data-id=\"1a789559\" data-element_type=\"container\" data-e-type=\"container\" data-settings=\"{&quot;background_background&quot;:&quot;classic&quot;}\">\n\t\t\t\t<\/div>\n\t\t<div class=\"elementor-element elementor-element-65d978a6 e-con-full pt_br e-flex e-con e-child\" data-id=\"65d978a6\" data-element_type=\"container\" data-e-type=\"container\" data-settings=\"{&quot;background_background&quot;:&quot;classic&quot;}\">\n\t\t\t\t<\/div>\n\t\t\t\t<\/div>\n\t\t<div class=\"elementor-element elementor-element-67e99b66 e-flex e-con-boxed e-con e-child\" data-id=\"67e99b66\" data-element_type=\"container\" data-e-type=\"container\">\n\t\t\t\t\t<div class=\"e-con-inner\">\n\t\t<div class=\"elementor-element elementor-element-73217511 e-con-full e-flex e-con e-child\" data-id=\"73217511\" data-element_type=\"container\" data-e-type=\"container\" data-settings=\"{&quot;background_background&quot;:&quot;classic&quot;,&quot;position&quot;:&quot;absolute&quot;}\">\n\t\t\t\t<\/div>\n\t\t\t\t\t<\/div>\n\t\t\t\t<\/div>\n\t\t\t\t\t<\/div>\n\t\t\t\t<\/div>\n\t\t<div class=\"elementor-element elementor-element-73f2d997 pt_dsy e-flex e-con-boxed e-con e-parent\" data-id=\"73f2d997\" data-element_type=\"container\" data-e-type=\"container\" data-settings=\"{&quot;background_background&quot;:&quot;classic&quot;}\">\n\t\t\t\t\t<div class=\"e-con-inner\">\n\t\t\t\t<div class=\"elementor-element elementor-element-42ec805f elementor-widget elementor-widget-heading\" data-id=\"42ec805f\" data-element_type=\"widget\" data-e-type=\"widget\" data-widget_type=\"heading.default\">\n\t\t\t\t<div class=\"elementor-widget-container\">\n\t\t\t\t\t<h2 class=\"elementor-heading-title elementor-size-default\">My services<\/h2>\t\t\t\t<\/div>\n\t\t\t\t<\/div>\n\t\t\t\t<div class=\"elementor-element elementor-element-20998039 pt_accordion pt_white elementor-widget elementor-widget-n-accordion\" data-id=\"20998039\" data-element_type=\"widget\" data-e-type=\"widget\" data-settings=\"{&quot;default_state&quot;:&quot;expanded&quot;,&quot;max_items_expended&quot;:&quot;one&quot;,&quot;n_accordion_animation_duration&quot;:{&quot;unit&quot;:&quot;ms&quot;,&quot;size&quot;:400,&quot;sizes&quot;:[]}}\" data-widget_type=\"nested-accordion.default\">\n\t\t\t\t<div class=\"elementor-widget-container\">\n\t\t\t\t\t\t\t<div class=\"e-n-accordion\" aria-label=\"Accordion. Open links with Enter or Space, close with Escape, and navigate with Arrow Keys\">\n\t\t\t\t\t\t<details id=\"e-n-accordion-item-5460\" class=\"e-n-accordion-item\" open>\n\t\t\t\t<summary class=\"e-n-accordion-item-title\" data-accordion-index=\"1\" tabindex=\"0\" aria-expanded=\"true\" aria-controls=\"e-n-accordion-item-5460\" >\n\t\t\t\t\t<span class='e-n-accordion-item-title-header'><h4 class=\"e-n-accordion-item-title-text\"> Product development <\/h4><\/span>\n\t\t\t\t\t\t\t<span class='e-n-accordion-item-title-icon'>\n\t\t\t<span class='e-opened' ><svg xmlns=\"http:\/\/www.w3.org\/2000\/svg\" width=\"34\" height=\"25\" viewbox=\"0 0 34 25\" fill=\"none\"><g clip-path=\"url(#clip0_234_24)\"><path d=\"M7.06311 -1.17743e-06L26.9361 -3.08753e-07C33.2168 -3.42133e-08 36.3613 7.89709 31.9207 12.516L21.9842 22.8515C19.2311 25.7151 14.768 25.7151 12.016 22.8515L2.0795 12.516C-2.3621 7.89709 0.782375 -1.45197e-06 7.06311 -1.17743e-06Z\" fill=\"white\"><\/path><\/g><defs><clippath id=\"clip0_234_24\"><rect width=\"25\" height=\"34\" fill=\"white\" transform=\"translate(34) rotate(90)\"><\/rect><\/clippath><\/defs><\/svg><\/span>\n\t\t\t<span class='e-closed'><svg xmlns=\"http:\/\/www.w3.org\/2000\/svg\" width=\"34\" height=\"25\" viewbox=\"0 0 34 25\" fill=\"none\"><g clip-path=\"url(#clip0_234_24)\"><path d=\"M7.06311 -1.17743e-06L26.9361 -3.08753e-07C33.2168 -3.42133e-08 36.3613 7.89709 31.9207 12.516L21.9842 22.8515C19.2311 25.7151 14.768 25.7151 12.016 22.8515L2.0795 12.516C-2.3621 7.89709 0.782375 -1.45197e-06 7.06311 -1.17743e-06Z\" fill=\"white\"><\/path><\/g><defs><clippath id=\"clip0_234_24\"><rect width=\"25\" height=\"34\" fill=\"white\" transform=\"translate(34) rotate(90)\"><\/rect><\/clippath><\/defs><\/svg><\/span>\n\t\t<\/span>\n\n\t\t\t\t\t\t<\/summary>\n\t\t\t\t<div role=\"region\" aria-labelledby=\"e-n-accordion-item-5460\" class=\"elementor-element elementor-element-315e1ad4 e-con-full e-flex e-con e-child\" data-id=\"315e1ad4\" data-element_type=\"container\" data-e-type=\"container\">\n\t\t<div role=\"region\" aria-labelledby=\"e-n-accordion-item-5460\" class=\"elementor-element elementor-element-29b1cac3 e-grid e-con-boxed e-con e-child\" data-id=\"29b1cac3\" data-element_type=\"container\" data-e-type=\"container\">\n\t\t\t\t\t<div class=\"e-con-inner\">\n\t\t\t\t\t<\/div>\n\t\t\t\t<\/div>\n\t\t\t\t<\/div>\n\t\t\t\t\t<\/details>\n\t\t\t\t\t\t<details id=\"e-n-accordion-item-5461\" class=\"e-n-accordion-item\" >\n\t\t\t\t<summary class=\"e-n-accordion-item-title\" data-accordion-index=\"2\" tabindex=\"-1\" aria-expanded=\"false\" aria-controls=\"e-n-accordion-item-5461\" >\n\t\t\t\t\t<span class='e-n-accordion-item-title-header'><h4 class=\"e-n-accordion-item-title-text\"> Living space and property development <\/h4><\/span>\n\t\t\t\t\t\t\t<span class='e-n-accordion-item-title-icon'>\n\t\t\t<span class='e-opened' ><svg xmlns=\"http:\/\/www.w3.org\/2000\/svg\" width=\"34\" height=\"25\" viewbox=\"0 0 34 25\" fill=\"none\"><g clip-path=\"url(#clip0_234_24)\"><path d=\"M7.06311 -1.17743e-06L26.9361 -3.08753e-07C33.2168 -3.42133e-08 36.3613 7.89709 31.9207 12.516L21.9842 22.8515C19.2311 25.7151 14.768 25.7151 12.016 22.8515L2.0795 12.516C-2.3621 7.89709 0.782375 -1.45197e-06 7.06311 -1.17743e-06Z\" fill=\"white\"><\/path><\/g><defs><clippath id=\"clip0_234_24\"><rect width=\"25\" height=\"34\" fill=\"white\" transform=\"translate(34) rotate(90)\"><\/rect><\/clippath><\/defs><\/svg><\/span>\n\t\t\t<span class='e-closed'><svg xmlns=\"http:\/\/www.w3.org\/2000\/svg\" width=\"34\" height=\"25\" viewbox=\"0 0 34 25\" fill=\"none\"><g clip-path=\"url(#clip0_234_24)\"><path d=\"M7.06311 -1.17743e-06L26.9361 -3.08753e-07C33.2168 -3.42133e-08 36.3613 7.89709 31.9207 12.516L21.9842 22.8515C19.2311 25.7151 14.768 25.7151 12.016 22.8515L2.0795 12.516C-2.3621 7.89709 0.782375 -1.45197e-06 7.06311 -1.17743e-06Z\" fill=\"white\"><\/path><\/g><defs><clippath id=\"clip0_234_24\"><rect width=\"25\" height=\"34\" fill=\"white\" transform=\"translate(34) rotate(90)\"><\/rect><\/clippath><\/defs><\/svg><\/span>\n\t\t<\/span>\n\n\t\t\t\t\t\t<\/summary>\n\t\t\t\t<div role=\"region\" aria-labelledby=\"e-n-accordion-item-5461\" class=\"elementor-element elementor-element-62fe2012 e-con-full e-flex e-con e-child\" data-id=\"62fe2012\" data-element_type=\"container\" data-e-type=\"container\">\n\t\t<div role=\"region\" aria-labelledby=\"e-n-accordion-item-5461\" class=\"elementor-element elementor-element-2ae4b4e0 e-flex e-con-boxed e-con e-child\" data-id=\"2ae4b4e0\" data-element_type=\"container\" data-e-type=\"container\">\n\t\t\t\t\t<div class=\"e-con-inner\">\n\t\t\t\t<div class=\"elementor-element elementor-element-3b8ded61 elementor-widget elementor-widget-text-editor\" data-id=\"3b8ded61\" data-element_type=\"widget\" data-e-type=\"widget\" data-widget_type=\"text-editor.default\">\n\t\t\t\t<div class=\"elementor-widget-container\">\n\t\t\t\t\t\t\t\t\t<p>Lorem ipsum dolor sit amet, consectetuer adipiscing elit. Aenean commodo ligula eget dolor. Aenean massa. Cum sociis natoque penatibus et magnis dis parturient montes, nascetur ridiculus mus. Donec quam felis, ultricies nec, pellentesque eu, pretium quis, sem. Nulla consequat massa quis enim. Donec pede justo, fringilla vel, aliquet nec, vulputate eget, arcu. In enim justo, rhoncus ut, imperdiet a, venenatis vitae, justo. Nullam dictum felis eu pede mollis pretium. Integer tincidunt. Cras dapibus. Vivamus <br \/><br \/>feugiat a, tellus. Phasellus viverra nulla ut metus varius laoreet. Quisque rutrum. Aenean imperdiet. Etiam ultricies nisi vel augue. Curabitur ullamcorper ultricies nisi. Nam eget dui. Etiam rhoncus. Maecenas tempus, tellus eget condimentum rhoncus, sem quam semper libero, sit amet adipiscing sem neque sed ipsum. Nam quam nunc, blandit vel, luctus pulvinar, hendrerit id, lorem. Maecenas nec odio et ante tincidunt tempus. Donec vitae sapien ut libero venenatis faucibus. Nullam quis ante. Etiam sit amet orci eget eros faucibus tincidunt. Duis leosed ipsum. Nam quam nunc, blandit vel, luctus pulvinar, hendrerit id, lorem. Maecenas nec odio et ante tincidunt tempus. Donec vitae sapien ut libero venenatis faucibus. Nullam quis ante. Etiam sit amet orci eget eros faucibus tincidunt. venenatis vitae, justo. Nullam dictum felis eu pede mollis pretium. Integer tincidunt. Cras dapibus. Vivamus elementum semper nisi. Aenean vulputate eleifend tellus. Aenean leo ligula, porttitor eu,<\/p>\t\t\t\t\t\t\t\t<\/div>\n\t\t\t\t<\/div>\n\t\t\t\t\t<\/div>\n\t\t\t\t<\/div>\n\t\t\t\t<\/div>\n\t\t\t\t\t<\/details>\n\t\t\t\t\t\t<details id=\"e-n-accordion-item-5462\" class=\"e-n-accordion-item\" >\n\t\t\t\t<summary class=\"e-n-accordion-item-title\" data-accordion-index=\"3\" tabindex=\"-1\" aria-expanded=\"false\" aria-controls=\"e-n-accordion-item-5462\" >\n\t\t\t\t\t<span class='e-n-accordion-item-title-header'><h4 class=\"e-n-accordion-item-title-text\"> Earth revitalisation <\/h4><\/span>\n\t\t\t\t\t\t\t<span class='e-n-accordion-item-title-icon'>\n\t\t\t<span class='e-opened' ><svg xmlns=\"http:\/\/www.w3.org\/2000\/svg\" width=\"34\" height=\"25\" viewbox=\"0 0 34 25\" fill=\"none\"><g clip-path=\"url(#clip0_234_24)\"><path d=\"M7.06311 -1.17743e-06L26.9361 -3.08753e-07C33.2168 -3.42133e-08 36.3613 7.89709 31.9207 12.516L21.9842 22.8515C19.2311 25.7151 14.768 25.7151 12.016 22.8515L2.0795 12.516C-2.3621 7.89709 0.782375 -1.45197e-06 7.06311 -1.17743e-06Z\" fill=\"white\"><\/path><\/g><defs><clippath id=\"clip0_234_24\"><rect width=\"25\" height=\"34\" fill=\"white\" transform=\"translate(34) rotate(90)\"><\/rect><\/clippath><\/defs><\/svg><\/span>\n\t\t\t<span class='e-closed'><svg xmlns=\"http:\/\/www.w3.org\/2000\/svg\" width=\"34\" height=\"25\" viewbox=\"0 0 34 25\" fill=\"none\"><g clip-path=\"url(#clip0_234_24)\"><path d=\"M7.06311 -1.17743e-06L26.9361 -3.08753e-07C33.2168 -3.42133e-08 36.3613 7.89709 31.9207 12.516L21.9842 22.8515C19.2311 25.7151 14.768 25.7151 12.016 22.8515L2.0795 12.516C-2.3621 7.89709 0.782375 -1.45197e-06 7.06311 -1.17743e-06Z\" fill=\"white\"><\/path><\/g><defs><clippath id=\"clip0_234_24\"><rect width=\"25\" height=\"34\" fill=\"white\" transform=\"translate(34) rotate(90)\"><\/rect><\/clippath><\/defs><\/svg><\/span>\n\t\t<\/span>\n\n\t\t\t\t\t\t<\/summary>\n\t\t\t\t<div role=\"region\" aria-labelledby=\"e-n-accordion-item-5462\" class=\"elementor-element elementor-element-2129af2f e-con-full e-flex e-con e-child\" data-id=\"2129af2f\" data-element_type=\"container\" data-e-type=\"container\">\n\t\t<div role=\"region\" aria-labelledby=\"e-n-accordion-item-5462\" class=\"elementor-element elementor-element-6c9ab260 e-flex e-con-boxed e-con e-child\" data-id=\"6c9ab260\" data-element_type=\"container\" data-e-type=\"container\">\n\t\t\t\t\t<div class=\"e-con-inner\">\n\t\t\t\t<div class=\"elementor-element elementor-element-1718011d elementor-widget elementor-widget-text-editor\" data-id=\"1718011d\" data-element_type=\"widget\" data-e-type=\"widget\" data-widget_type=\"text-editor.default\">\n\t\t\t\t<div class=\"elementor-widget-container\">\n\t\t\t\t\t\t\t\t\t<p>Lorem ipsum dolor sit amet, consectetuer adipiscing elit. Aenean commodo ligula eget dolor. Aenean massa. Cum sociis natoque penatibus et magnis dis parturient montes, nascetur ridiculus mus. Donec quam felis, ultricies nec, pellentesque eu, pretium quis, sem. Nulla consequat massa quis enim. Donec pede justo, fringilla vel, aliquet nec, vulputate eget, arcu. In enim justo, rhoncus ut, imperdiet a, venenatis vitae, justo. Nullam dictum felis eu pede mollis pretium. Integer tincidunt. Cras dapibus. Vivamus <br \/><br \/>feugiat a, tellus. Phasellus viverra nulla ut metus varius laoreet. Quisque rutrum. Aenean imperdiet. Etiam ultricies nisi vel augue. Curabitur ullamcorper ultricies nisi. Nam eget dui. Etiam rhoncus. Maecenas tempus, tellus eget condimentum rhoncus, sem quam semper libero, sit amet adipiscing sem neque sed ipsum. Nam quam nunc, blandit vel, luctus pulvinar, hendrerit id, lorem. Maecenas nec odio et ante tincidunt tempus. Donec vitae sapien ut libero venenatis faucibus. Nullam quis ante. Etiam sit amet orci eget eros faucibus tincidunt. Duis leosed ipsum. Nam quam nunc, blandit vel, luctus pulvinar, hendrerit id, lorem. Maecenas nec odio et ante tincidunt tempus. Donec vitae sapien ut libero venenatis faucibus. Nullam quis ante. Etiam sit amet orci eget eros faucibus tincidunt. venenatis vitae, justo. Nullam dictum felis eu pede mollis pretium. Integer tincidunt. Cras dapibus. Vivamus elementum semper nisi. Aenean vulputate eleifend tellus. Aenean leo ligula, porttitor eu,<\/p>\t\t\t\t\t\t\t\t<\/div>\n\t\t\t\t<\/div>\n\t\t\t\t\t<\/div>\n\t\t\t\t<\/div>\n\t\t\t\t<\/div>\n\t\t\t\t\t<\/details>\n\t\t\t\t\t<\/div>\n\t\t\t\t\t\t<\/div>\n\t\t\t\t<\/div>\n\t\t\t\t\t<\/div>\n\t\t\t\t<\/div>\n\t\t<div class=\"elementor-element elementor-element-40490a55 e-con-full pt_dst pt_last_section e-flex e-con e-parent\" data-id=\"40490a55\" data-element_type=\"container\" data-e-type=\"container\" data-settings=\"{&quot;background_background&quot;:&quot;classic&quot;}\">\n\t\t<div class=\"elementor-element elementor-element-27e0fc50 e-flex e-con-boxed e-con e-child\" data-id=\"27e0fc50\" data-element_type=\"container\" data-e-type=\"container\">\n\t\t\t\t\t<div class=\"e-con-inner\">\n\t\t<div class=\"elementor-element elementor-element-78563882 e-con-full e-flex e-con e-child\" data-id=\"78563882\" data-element_type=\"container\" data-e-type=\"container\">\n\t\t\t\t<div class=\"elementor-element elementor-element-1045293e elementor-widget elementor-widget-heading\" data-id=\"1045293e\" data-element_type=\"widget\" data-e-type=\"widget\" data-widget_type=\"heading.default\">\n\t\t\t\t<div class=\"elementor-widget-container\">\n\t\t\t\t\t<h2 class=\"elementor-heading-title elementor-size-default\">How do I utilise strengthening frequencies from nature &amp; technology?<\/h2>\t\t\t\t<\/div>\n\t\t\t\t<\/div>\n\t\t\t\t<div class=\"elementor-element elementor-element-47e6daa7 pt_btn_large elementor-widget elementor-widget-button\" data-id=\"47e6daa7\" data-element_type=\"widget\" data-e-type=\"widget\" data-widget_type=\"button.default\">\n\t\t\t\t<div class=\"elementor-widget-container\">\n\t\t\t\t\t\t\t\t\t<div class=\"elementor-button-wrapper\">\n\t\t\t\t\t<a class=\"elementor-button elementor-button-link elementor-size-sm\" href=\"\/en\/kontakt\/\">\n\t\t\t\t\t\t<span class=\"elementor-button-content-wrapper\">\n\t\t\t\t\t\t\t\t\t<span class=\"elementor-button-text\">Book an appointment now!<\/span>\n\t\t\t\t\t<\/span>\n\t\t\t\t\t<\/a>\n\t\t\t\t<\/div>\n\t\t\t\t\t\t\t\t<\/div>\n\t\t\t\t<\/div>\n\t\t\t\t<\/div>\n\t\t<div class=\"elementor-element elementor-element-102f3688 e-con-full pt_br_sm e-flex e-con e-child\" data-id=\"102f3688\" data-element_type=\"container\" data-e-type=\"container\" data-settings=\"{&quot;background_background&quot;:&quot;classic&quot;}\">\n\t\t\t\t<\/div>\n\t\t\t\t\t<\/div>\n\t\t\t\t<\/div>\n\t\t<div class=\"elementor-element elementor-element-2bb02549 e-con-full e-flex e-con e-child\" data-id=\"2bb02549\" data-element_type=\"container\" data-e-type=\"container\">\n\t\t<div class=\"elementor-element elementor-element-220a47d8 e-con-full e-flex e-con e-child\" data-id=\"220a47d8\" data-element_type=\"container\" data-e-type=\"container\" data-settings=\"{&quot;background_background&quot;:&quot;classic&quot;,&quot;position&quot;:&quot;absolute&quot;}\">\n\t\t\t\t<\/div>\n\t\t\t\t<\/div>\n\t\t\t\t<\/div>\n\t\t\t\t<\/div>","protected":false},"excerpt":{"rendered":"<p>IndividuelleBeratung Unsere individuelle, pers\u00f6nliche Beratung bietet Dir ma\u00dfgeschneiderte L\u00f6sungen. Mit langj\u00e4hriger Erfahrung und einem tiefen Verst\u00e4ndnis f\u00fcr Deine speziellen Bed\u00fcrfnisse, gehen wir auf jede individuelle Problematik ein. Wir helfen Dir, energetische St\u00f6rfelder zu identifizieren und Deine Umgebung optimal zu harmonisieren. Egal ob wir innovative Produkte entwickeln, Deine Wohnraum energetisch verbessern oder Dein Grundst\u00fcck beleben\u00a0 \u2013 [&hellip;]<\/p>\n","protected":false},"author":2,"featured_media":0,"parent":0,"menu_order":0,"comment_status":"closed","ping_status":"closed","template":"elementor_header_footer","meta":{"_acf_changed":false,"ocean_post_layout":"","ocean_both_sidebars_style":"","ocean_both_sidebars_content_width":0,"ocean_both_sidebars_sidebars_width":0,"ocean_sidebar":"0","ocean_second_sidebar":"0","ocean_disable_margins":"enable","ocean_add_body_class":"","ocean_shortcode_before_top_bar":"","ocean_shortcode_after_top_bar":"","ocean_shortcode_before_header":"","ocean_shortcode_after_header":"","ocean_has_shortcode":"","ocean_shortcode_after_title":"","ocean_shortcode_before_footer_widgets":"","ocean_shortcode_after_footer_widgets":"","ocean_shortcode_before_footer_bottom":"","ocean_shortcode_after_footer_bottom":"","ocean_display_top_bar":"default","ocean_display_header":"default","ocean_header_style":"","ocean_center_header_left_menu":"0","ocean_custom_header_template":"0","ocean_custom_logo":0,"ocean_custom_retina_logo":0,"ocean_custom_logo_max_width":0,"ocean_custom_logo_tablet_max_width":0,"ocean_custom_logo_mobile_max_width":0,"ocean_custom_logo_max_height":0,"ocean_custom_logo_tablet_max_height":0,"ocean_custom_logo_mobile_max_height":0,"ocean_header_custom_menu":"0","ocean_menu_typo_font_family":"0","ocean_menu_typo_font_subset":"","ocean_menu_typo_font_size":0,"ocean_menu_typo_font_size_tablet":0,"ocean_menu_typo_font_size_mobile":0,"ocean_menu_typo_font_size_unit":"px","ocean_menu_typo_font_weight":"","ocean_menu_typo_font_weight_tablet":"","ocean_menu_typo_font_weight_mobile":"","ocean_menu_typo_transform":"","ocean_menu_typo_transform_tablet":"","ocean_menu_typo_transform_mobile":"","ocean_menu_typo_line_height":0,"ocean_menu_typo_line_height_tablet":0,"ocean_menu_typo_line_height_mobile":0,"ocean_menu_typo_line_height_unit":"","ocean_menu_typo_spacing":0,"ocean_menu_typo_spacing_tablet":0,"ocean_menu_typo_spacing_mobile":0,"ocean_menu_typo_spacing_unit":"","ocean_menu_link_color":"","ocean_menu_link_color_hover":"","ocean_menu_link_color_active":"","ocean_menu_link_background":"","ocean_menu_link_hover_background":"","ocean_menu_link_active_background":"","ocean_menu_social_links_bg":"","ocean_menu_social_hover_links_bg":"","ocean_menu_social_links_color":"","ocean_menu_social_hover_links_color":"","ocean_disable_title":"default","ocean_disable_heading":"default","ocean_post_title":"","ocean_post_subheading":"","ocean_post_title_style":"","ocean_post_title_background_color":"","ocean_post_title_background":0,"ocean_post_title_bg_image_position":"","ocean_post_title_bg_image_attachment":"","ocean_post_title_bg_image_repeat":"","ocean_post_title_bg_image_size":"","ocean_post_title_height":0,"ocean_post_title_bg_overlay":0.5,"ocean_post_title_bg_overlay_color":"","ocean_disable_breadcrumbs":"default","ocean_breadcrumbs_color":"","ocean_breadcrumbs_separator_color":"","ocean_breadcrumbs_links_color":"","ocean_breadcrumbs_links_hover_color":"","ocean_display_footer_widgets":"default","ocean_display_footer_bottom":"default","ocean_custom_footer_template":"0","footnotes":""},"class_list":["post-383","page","type-page","status-publish","hentry","entry","owp-thumbs-layout-horizontal","owp-btn-big","owp-tabs-layout-horizontal","has-no-thumbnails","has-product-nav"],"acf":[],"_links":{"self":[{"href":"https:\/\/wellenlaenge7.de\/en\/wp-json\/wp\/v2\/pages\/383","targetHints":{"allow":["GET"]}}],"collection":[{"href":"https:\/\/wellenlaenge7.de\/en\/wp-json\/wp\/v2\/pages"}],"about":[{"href":"https:\/\/wellenlaenge7.de\/en\/wp-json\/wp\/v2\/types\/page"}],"author":[{"embeddable":true,"href":"https:\/\/wellenlaenge7.de\/en\/wp-json\/wp\/v2\/users\/2"}],"replies":[{"embeddable":true,"href":"https:\/\/wellenlaenge7.de\/en\/wp-json\/wp\/v2\/comments?post=383"}],"version-history":[{"count":25,"href":"https:\/\/wellenlaenge7.de\/en\/wp-json\/wp\/v2\/pages\/383\/revisions"}],"predecessor-version":[{"id":1309,"href":"https:\/\/wellenlaenge7.de\/en\/wp-json\/wp\/v2\/pages\/383\/revisions\/1309"}],"wp:attachment":[{"href":"https:\/\/wellenlaenge7.de\/en\/wp-json\/wp\/v2\/media?parent=383"}],"curies":[{"name":"wp","href":"https:\/\/api.w.org\/{rel}","templated":true}]}}